{"id":2045,"date":"2021-05-11T18:19:18","date_gmt":"2021-05-11T16:19:18","guid":{"rendered":"https:\/\/lesudacheval.fr\/reservation-horse-trekking-horseback\/"},"modified":"2022-07-20T15:11:28","modified_gmt":"2022-07-20T13:11:28","slug":"reservation-horse-trekking-horseback","status":"publish","type":"page","link":"https:\/\/lesudacheval.fr\/en\/reservation-horse-trekking-horseback\/","title":{"rendered":"Reservations and contacts"},"content":{"rendered":"<p>[et_pb_section fb_built=&#8221;1&#8243; admin_label=&#8221;section&#8221; _builder_version=&#8221;3.22&#8243; custom_padding=&#8221;0px|||||&#8221;][et_pb_row _builder_version=&#8221;4.9.4&#8243; _module_preset=&#8221;default&#8221; background_image=&#8221;https:\/\/lesudacheval.fr\/\/wp-content\/uploads\/2021\/05\/Lauris-luberon.jpg&#8221; width=&#8221;100%&#8221; max_width=&#8221;1472px&#8221; custom_margin=&#8221;0px||||false|false&#8221; custom_padding=&#8221;||||false|false&#8221;][et_pb_column type=&#8221;4_4&#8243; _builder_version=&#8221;4.9.4&#8243; _module_preset=&#8221;default&#8221;][et_pb_text _builder_version=&#8221;4.9.4&#8243; _module_preset=&#8221;default&#8221; header_text_color=&#8221;#FFFFFF&#8221; header_2_text_color=&#8221;#FFFFFF&#8221; header_3_text_color=&#8221;#FFFFFF&#8221; header_4_text_color=&#8221;#FFFFFF&#8221; hover_enabled=&#8221;0&#8243; sticky_enabled=&#8221;0&#8243;]<\/p>\n<h1 style=\"text-align: center;\"><strong>LE SUD A CHEVAL,<br \/><\/strong>France Horseback Riding Tours, Lauris, Luberon<\/h1>\n<h2 style=\"text-align: center;\"><strong><br \/>CONTACTS &amp; RESERVATIONS<\/strong><\/h2>\n<h2 style=\"text-align: center;\"><em>Are you interested in one of <a href=\"https:\/\/lesudacheval.fr\/en\/horse-trekking-provence-france\/\">our horseback rides<\/a>?&#8230;<br \/><strong>Don&#8217;t hesitate, contact us!<\/strong><\/em><\/h2>\n<p>[\/et_pb_text][\/et_pb_column][\/et_pb_row][et_pb_row column_structure=&#8221;1_4,3_4&#8243; _builder_version=&#8221;4.9.4&#8243; _module_preset=&#8221;default&#8221; custom_padding=&#8221;33px||2px|||&#8221;][et_pb_column type=&#8221;1_4&#8243; _builder_version=&#8221;4.9.4&#8243; _module_preset=&#8221;default&#8221;][et_pb_image src=&#8221;https:\/\/lesudacheval.fr\/\/wp-content\/uploads\/2021\/03\/logo-Le-Sud-A-Cheval-copie-2.jpg&#8221; title_text=&#8221;logo Le Sud A Cheval&#8221; _builder_version=&#8221;4.9.4&#8243; _module_preset=&#8221;default&#8221;][\/et_pb_image][\/et_pb_column][et_pb_column type=&#8221;3_4&#8243; _builder_version=&#8221;4.9.4&#8243; _module_preset=&#8221;default&#8221;][et_pb_text _builder_version=&#8221;4.9.4&#8243; _module_preset=&#8221;default&#8221;]<\/p>\n<p style=\"text-align: justify;\">You can contact us<strong><span> <\/span>at by mail or phone<\/strong><span> <\/span>specifying the chosen trail ride and the date.<br \/>We will answer all your questions.<br \/><strong>To book a hike<\/strong>, we will send you the registration form and the detailed description very quickly. We will confirm the reservation upon receipt of the form filled out by you and accompanied by a deposit check of 20%.<br \/>Your deposit check will be returned to you in case of cancellation on our part, notably due to possible health restrictions.<br \/><strong>All departures are guaranteed.<\/strong><\/p>\n<div id=\"lauris\"><\/div>\n<p>[\/et_pb_text][\/et_pb_column][\/et_pb_row][et_pb_row _builder_version=&#8221;4.9.4&#8243; _module_preset=&#8221;default&#8221;][et_pb_column type=&#8221;4_4&#8243; _builder_version=&#8221;4.9.4&#8243; _module_preset=&#8221;default&#8221;][et_pb_text _builder_version=&#8221;4.9.4&#8243; _module_preset=&#8221;default&#8221; hover_enabled=&#8221;0&#8243; sticky_enabled=&#8221;0&#8243;]<\/p>\n<h2 style=\"text-align: center;\"><strong><span class=\"has-inline-color has-vivid-purple-color\">To reach Le Sud \u00e0 cheval<br \/>Book a trek or a horseback :<\/span><\/strong><\/h2>\n<p style=\"text-align: center;\"><span class=\"has-inline-color has-vivid-purple-color\" style=\"color: #808080;\">You can reach us by phone or email, or by using the contact form below.<\/span><\/p>\n<p>[\/et_pb_text][\/et_pb_column][\/et_pb_row][et_pb_row column_structure=&#8221;3_5,2_5&#8243; _builder_version=&#8221;4.9.4&#8243; _module_preset=&#8221;default&#8221; custom_padding=&#8221;37px|||||&#8221;][et_pb_column type=&#8221;3_5&#8243; _builder_version=&#8221;4.9.4&#8243; _module_preset=&#8221;default&#8221;][et_pb_text _builder_version=&#8221;4.9.4&#8243; _module_preset=&#8221;default&#8221; hover_enabled=&#8221;0&#8243; sticky_enabled=&#8221;0&#8243;]<\/p>\n<h2 style=\"text-align: center;\"><span class=\"has-inline-color has-vivid-purple-color\">Isabelle and Didier MEJARD<br \/>\n<em style=\"color:#555;font-size:0.7em\">English spoken<\/em><\/span><\/h2>\n<h2 style=\"text-align: center;\"><!-- divi:heading {\"level\":3} --><\/h2>\n<h3 style=\"text-align: center;\"><em>Phone<br \/>\n<\/em><\/h3>\n<p style=\"text-align: center;\">Didier MEJARD : 06 86 92 01 52<br \/>\nIsabelle MEJARD : 06 37 75 36 07<\/p>\n<p style=\"text-align: center;\"><!-- \/divi:list --><\/p>\n<h3 style=\"text-align: center;\"><em>Email<\/em><\/h3>\n<p style=\"text-align: center;\"><a href=\"mailto:lesudacheval@outlook.fr\">lesudacheval@outlook.fr<\/a><\/p>\n<p>[\/et_pb_text][et_pb_contact_form captcha=&#8221;off&#8221; email=&#8221;didier@lesudacheval.fr&#8221; title=&#8221;Contact form&#8221; custom_message=&#8221;Name: %%nom%%: %%prenom%%: %%email%%: %%tel%%: %%message%%&#8221; success_message=&#8221;Thank you for your message, we will answer you quickly&#8221; _builder_version=&#8221;4.9.4&#8243; _module_preset=&#8221;default&#8221; title_font=&#8221;||on||||||&#8221; custom_button=&#8221;on&#8221; button_text_color=&#8221;#FFFFFF&#8221; button_bg_color=&#8221;#FFEF14&#8243; button_border_color=&#8221;#E09900&#8243; box_shadow_style_button=&#8221;preset1&#8243;][et_pb_contact_field field_id=&#8221;nom&#8221; field_title=&#8221;Name&#8221; _builder_version=&#8221;4.9.4&#8243; button_text_size__hover_enabled=&#8221;off&#8221; button_one_text_size__hover_enabled=&#8221;off&#8221; button_two_text_size__hover_enabled=&#8221;off&#8221; button_text_color__hover_enabled=&#8221;off&#8221; button_one_text_color__hover_enabled=&#8221;off&#8221; button_two_text_color__hover_enabled=&#8221;off&#8221; button_border_width__hover_enabled=&#8221;off&#8221; button_one_border_width__hover_enabled=&#8221;off&#8221; button_two_border_width__hover_enabled=&#8221;off&#8221; button_border_color__hover_enabled=&#8221;off&#8221; button_one_border_color__hover_enabled=&#8221;off&#8221; button_two_border_color__hover_enabled=&#8221;off&#8221; button_border_radius__hover_enabled=&#8221;off&#8221; button_one_border_radius__hover_enabled=&#8221;off&#8221; button_two_border_radius__hover_enabled=&#8221;off&#8221; button_letter_spacing__hover_enabled=&#8221;off&#8221; button_one_letter_spacing__hover_enabled=&#8221;off&#8221; button_two_letter_spacing__hover_enabled=&#8221;off&#8221; button_bg_color__hover_enabled=&#8221;off&#8221; button_one_bg_color__hover_enabled=&#8221;off&#8221; button_two_bg_color__hover_enabled=&#8221;off&#8221;][\/et_pb_contact_field][et_pb_contact_field field_id=&#8221;prenom&#8221; field_title=&#8221;First name&#8221; _builder_version=&#8221;4.9.4&#8243; button_text_size__hover_enabled=&#8221;off&#8221; button_one_text_size__hover_enabled=&#8221;off&#8221; button_two_text_size__hover_enabled=&#8221;off&#8221; button_text_color__hover_enabled=&#8221;off&#8221; button_one_text_color__hover_enabled=&#8221;off&#8221; button_two_text_color__hover_enabled=&#8221;off&#8221; button_border_width__hover_enabled=&#8221;off&#8221; button_one_border_width__hover_enabled=&#8221;off&#8221; button_two_border_width__hover_enabled=&#8221;off&#8221; button_border_color__hover_enabled=&#8221;off&#8221; button_one_border_color__hover_enabled=&#8221;off&#8221; button_two_border_color__hover_enabled=&#8221;off&#8221; button_border_radius__hover_enabled=&#8221;off&#8221; button_one_border_radius__hover_enabled=&#8221;off&#8221; button_two_border_radius__hover_enabled=&#8221;off&#8221; button_letter_spacing__hover_enabled=&#8221;off&#8221; button_one_letter_spacing__hover_enabled=&#8221;off&#8221; button_two_letter_spacing__hover_enabled=&#8221;off&#8221; button_bg_color__hover_enabled=&#8221;off&#8221; button_one_bg_color__hover_enabled=&#8221;off&#8221; button_two_bg_color__hover_enabled=&#8221;off&#8221;][\/et_pb_contact_field][et_pb_contact_field field_id=&#8221;email&#8221; field_title=&#8221;E-mail address&#8221; field_type=&#8221;email&#8221; _builder_version=&#8221;4.9.4&#8243; button_text_size__hover_enabled=&#8221;off&#8221; button_one_text_size__hover_enabled=&#8221;off&#8221; button_two_text_size__hover_enabled=&#8221;off&#8221; button_text_color__hover_enabled=&#8221;off&#8221; button_one_text_color__hover_enabled=&#8221;off&#8221; button_two_text_color__hover_enabled=&#8221;off&#8221; button_border_width__hover_enabled=&#8221;off&#8221; button_one_border_width__hover_enabled=&#8221;off&#8221; button_two_border_width__hover_enabled=&#8221;off&#8221; button_border_color__hover_enabled=&#8221;off&#8221; button_one_border_color__hover_enabled=&#8221;off&#8221; button_two_border_color__hover_enabled=&#8221;off&#8221; button_border_radius__hover_enabled=&#8221;off&#8221; button_one_border_radius__hover_enabled=&#8221;off&#8221; button_two_border_radius__hover_enabled=&#8221;off&#8221; button_letter_spacing__hover_enabled=&#8221;off&#8221; button_one_letter_spacing__hover_enabled=&#8221;off&#8221; button_two_letter_spacing__hover_enabled=&#8221;off&#8221; button_bg_color__hover_enabled=&#8221;off&#8221; button_one_bg_color__hover_enabled=&#8221;off&#8221; button_two_bg_color__hover_enabled=&#8221;off&#8221;][\/et_pb_contact_field][et_pb_contact_field field_id=&#8221;tel&#8221; field_title=&#8221;Phone&#8221; allowed_symbols=&#8221;numbers&#8221; required_mark=&#8221;off&#8221; _builder_version=&#8221;4.9.4&#8243; button_text_size__hover_enabled=&#8221;off&#8221; button_one_text_size__hover_enabled=&#8221;off&#8221; button_two_text_size__hover_enabled=&#8221;off&#8221; button_text_color__hover_enabled=&#8221;off&#8221; button_one_text_color__hover_enabled=&#8221;off&#8221; button_two_text_color__hover_enabled=&#8221;off&#8221; button_border_width__hover_enabled=&#8221;off&#8221; button_one_border_width__hover_enabled=&#8221;off&#8221; button_two_border_width__hover_enabled=&#8221;off&#8221; button_border_color__hover_enabled=&#8221;off&#8221; button_one_border_color__hover_enabled=&#8221;off&#8221; button_two_border_color__hover_enabled=&#8221;off&#8221; button_border_radius__hover_enabled=&#8221;off&#8221; button_one_border_radius__hover_enabled=&#8221;off&#8221; button_two_border_radius__hover_enabled=&#8221;off&#8221; button_letter_spacing__hover_enabled=&#8221;off&#8221; button_one_letter_spacing__hover_enabled=&#8221;off&#8221; button_two_letter_spacing__hover_enabled=&#8221;off&#8221; button_bg_color__hover_enabled=&#8221;off&#8221; button_one_bg_color__hover_enabled=&#8221;off&#8221; button_two_bg_color__hover_enabled=&#8221;off&#8221;][\/et_pb_contact_field][et_pb_contact_field field_id=&#8221;message&#8221; field_title=&#8221;Message&#8221; field_type=&#8221;text&#8221; fullwidth_field=&#8221;on&#8221; _builder_version=&#8221;4.9.4&#8243; button_text_size__hover_enabled=&#8221;off&#8221; button_one_text_size__hover_enabled=&#8221;off&#8221; button_two_text_size__hover_enabled=&#8221;off&#8221; button_text_color__hover_enabled=&#8221;off&#8221; button_one_text_color__hover_enabled=&#8221;off&#8221; button_two_text_color__hover_enabled=&#8221;off&#8221; button_border_width__hover_enabled=&#8221;off&#8221; button_one_border_width__hover_enabled=&#8221;off&#8221; button_two_border_width__hover_enabled=&#8221;off&#8221; button_border_color__hover_enabled=&#8221;off&#8221; button_one_border_color__hover_enabled=&#8221;off&#8221; button_two_border_color__hover_enabled=&#8221;off&#8221; button_border_radius__hover_enabled=&#8221;off&#8221; button_one_border_radius__hover_enabled=&#8221;off&#8221; button_two_border_radius__hover_enabled=&#8221;off&#8221; button_letter_spacing__hover_enabled=&#8221;off&#8221; button_one_letter_spacing__hover_enabled=&#8221;off&#8221; button_two_letter_spacing__hover_enabled=&#8221;off&#8221; button_bg_color__hover_enabled=&#8221;off&#8221; button_one_bg_color__hover_enabled=&#8221;off&#8221; button_two_bg_color__hover_enabled=&#8221;off&#8221;][\/et_pb_contact_field][\/et_pb_contact_form][et_pb_text _builder_version=&#8221;4.9.4&#8243; _module_preset=&#8221;default&#8221; custom_margin=&#8221;5%||||false|false&#8221;]<\/p>\n<p>&nbsp;<\/p>\n<p><!-- \/divi:paragraph --><\/p>\n<p>&nbsp;<\/p>\n<p><!-- divi:gallery {\"ids\":[425,426],\"linkTo\":\"none\"} --><\/p>\n<figure class=\"wp-block-gallery columns-2 is-cropped\">\n<ul class=\"blocks-gallery-grid\">\n<li class=\"blocks-gallery-item\">\n<figure><img loading=\"lazy\" decoding=\"async\" width=\"1024\" height=\"683\" src=\"https:\/\/lesudacheval.fr\/\/wp-content\/uploads\/2021\/03\/cabrade-D.jpg\" alt=\"\" data-id=\"425\" data-full-url=\"https:\/\/lesudacheval.fr\/\/wp-content\/uploads\/2021\/03\/cabrade-D.jpg\" data-link=\"https:\/\/lesudacheval.fr\/\/?attachment_id=425\" class=\"wp-image-425\" srcset=\"https:\/\/lesudacheval.fr\/wp-content\/uploads\/2021\/03\/cabrade-D.jpg 1024w, https:\/\/lesudacheval.fr\/wp-content\/uploads\/2021\/03\/cabrade-D-300x200.jpg 300w, https:\/\/lesudacheval.fr\/wp-content\/uploads\/2021\/03\/cabrade-D-768x512.jpg 768w\" sizes=\"auto, (max-width: 1024px) 100vw, 1024px\" \/><\/figure>\n<\/li>\n<li class=\"blocks-gallery-item\">\n<figure><img loading=\"lazy\" decoding=\"async\" width=\"1024\" height=\"683\" src=\"https:\/\/lesudacheval.fr\/\/wp-content\/uploads\/2021\/03\/cabrade-isa.jpg\" alt=\"\" data-id=\"426\" data-full-url=\"https:\/\/lesudacheval.fr\/\/wp-content\/uploads\/2021\/03\/cabrade-isa.jpg\" data-link=\"https:\/\/lesudacheval.fr\/\/?attachment_id=426\" class=\"wp-image-426\" srcset=\"https:\/\/lesudacheval.fr\/wp-content\/uploads\/2021\/03\/cabrade-isa.jpg 1024w, https:\/\/lesudacheval.fr\/wp-content\/uploads\/2021\/03\/cabrade-isa-300x200.jpg 300w, https:\/\/lesudacheval.fr\/wp-content\/uploads\/2021\/03\/cabrade-isa-768x512.jpg 768w\" sizes=\"auto, (max-width: 1024px) 100vw, 1024px\" \/><\/figure>\n<\/li>\n<\/ul>\n<\/figure>\n<p>[\/et_pb_text][\/et_pb_column][et_pb_column type=&#8221;2_5&#8243; _builder_version=&#8221;4.9.4&#8243; _module_preset=&#8221;default&#8221;][et_pb_code _builder_version=&#8221;4.9.4&#8243; _module_preset=&#8221;default&#8221; background_color=&#8221;rgba(255,233,0,0.44)&#8221; border_width_all=&#8221;1px&#8221; border_color_all=&#8221;#E09900&#8243; custom_padding=&#8221;3%|3%|3%|3%|true|true&#8221;]<\/p>\n<h4><span style=\"color: #993366;\">Where are we?<\/span><\/h4>\n<p><!-- [et_pb_line_break_holder] --><pee><!-- [et_pb_line_break_holder] -->  Equestrian tourism center located in the south of the Luberon, in <strong>Lauris<\/strong><!\u2013- [et_pb_br_holder] -\u2013><!-- [et_pb_line_break_holder] --><\/pee><!-- [et_pb_line_break_holder] --><!-- [et_pb_line_break_holder] --><iframe src=\"https:\/\/www.google.com\/maps\/embed?pb=!1m18!1m12!1m3!1d585697.790272248!2d4.88397152578198!3d43.74065846152267!2m3!1f0!2f0!3f0!3m2!1i1024!2i768!4f13.1!3m3!1m2!1s0x12ca1956c1aab8eb%3A0x3ebc0f6ce342fd39!2s84360%20Lauris!5e0!3m2!1sfr!2sfr!4v1620749238595!5m2!1sfr!2sfr\" width=\"300\" height=\"300\" style=\"border:0;padding-top:5%;margin:5%  \" allowfullscreen=\"\" loading=\"lazy\"><\/iframe>[\/et_pb_code][et_pb_text _builder_version=&#8221;4.9.4&#8243; _module_preset=&#8221;default&#8221; custom_padding=&#8221;|||2%|false|false&#8221;]<\/p>\n<p style=\"text-align: justify;\"><strong><em>Didier MEJARD<\/em> is a qualified equestrian<\/strong> <strong>guide<\/strong>, holder of the ATE and the CQP-ORE, and holder of the professional card of sports educator.<\/p>\n<p style=\"text-align: justify;\">\n<p style=\"text-align: justify;\">\n<p style=\"text-align: justify;\">\n<p style=\"text-align: justify;\">\n<p style=\"text-align: justify;\">[\/et_pb_text][et_pb_menu menu_id=&#8221;11&#8243; menu_style=&#8221;centered&#8221; _builder_version=&#8221;4.9.4&#8243; _module_preset=&#8221;default&#8221; menu_font=&#8221;||on||||||&#8221; menu_font_size=&#8221;15px&#8221;][\/et_pb_menu][et_pb_text _builder_version=&#8221;4.9.4&#8243; _module_preset=&#8221;default&#8221;]<\/p>\n<h2 style=\"text-align: center;\"><em>Mailing address for letters:<\/em><\/h2>\n<p style=\"text-align: center;\"><!-- divi:paragraph -->Didier MEJARD. 9, rue sur la Roque.  <strong>84360 LAURIS | FRANCE<\/strong><\/p>\n<p style=\"text-align: center;\"> <em><strong><span class=\"has-inline-color has-vivid-purple-color\">See you soon&#8230;<\/span><\/strong><\/em><\/p>\n<p>[\/et_pb_text][\/et_pb_column][\/et_pb_row][\/et_pb_section]<\/p>\n","protected":false},"excerpt":{"rendered":"<p>LE SUD A CHEVAL,France Horseback Riding Tours, Lauris, Luberon CONTACTS &amp; RESERVATIONS Are you interested in one of our horseback rides?&#8230;Don&#8217;t hesitate, contact us!You can contact us at by mail or phone specifying the chosen trail ride and the date.We will answer all your questions.To book a hike, we will send you the registration form [&hellip;]<\/p>\n","protected":false},"author":1,"featured_media":0,"parent":0,"menu_order":0,"comment_status":"closed","ping_status":"closed","template":"","meta":{"_et_pb_use_builder":"on","_et_pb_old_content":"","_et_gb_content_width":"","footnotes":""},"class_list":["post-2045","page","type-page","status-publish","hentry"],"yoast_head":"<!-- This site is optimized with the Yoast SEO plugin v18.1 - https:\/\/yoast.com\/wordpress\/plugins\/seo\/ -->\n<title>Horseback riding in Lauris - Le Sud \u00e0 Cheval<\/title>\n<meta name=\"description\" content=\"Le Sud \u00e0 cheval | Horse riding center in FRANCE Lauris, 84 | horseback LAURIS | trail ride FRANCE | contacts and reservations | Didier M\u00e9jard horseback riding guide\" \/>\n<meta name=\"robots\" content=\"index, follow, max-snippet:-1, max-image-preview:large, max-video-preview:-1\" \/>\n<link rel=\"canonical\" href=\"https:\/\/lesudacheval.fr\/en\/reservation-horse-trekking-horseback\/\" \/>\n<meta property=\"og:locale\" content=\"en_GB\" \/>\n<meta property=\"og:type\" content=\"article\" \/>\n<meta property=\"og:title\" content=\"Horseback riding in Lauris - Le Sud \u00e0 Cheval\" \/>\n<meta property=\"og:description\" content=\"Le Sud \u00e0 cheval | Horse riding center in FRANCE Lauris, 84 | horseback LAURIS | trail ride FRANCE | contacts and reservations | Didier M\u00e9jard horseback riding guide\" \/>\n<meta property=\"og:url\" content=\"https:\/\/lesudacheval.fr\/en\/reservation-horse-trekking-horseback\/\" \/>\n<meta property=\"og:site_name\" content=\"Le Sud \u00e0 Cheval\" \/>\n<meta property=\"article:modified_time\" content=\"2022-07-20T13:11:28+00:00\" \/>\n<meta property=\"og:image\" content=\"https:\/\/lesudacheval.fr\/\/wp-content\/uploads\/2021\/03\/cabrade-D.jpg\" \/>\n<meta name=\"twitter:card\" content=\"summary_large_image\" \/>\n<script type=\"application\/ld+json\" class=\"yoast-schema-graph\">{\"@context\":\"https:\/\/schema.org\",\"@graph\":[{\"@type\":\"Organization\",\"@id\":\"https:\/\/lesudacheval.fr\/en\/#organization\",\"name\":\"Le sud \u00e0 cheval\",\"url\":\"https:\/\/lesudacheval.fr\/en\/\",\"sameAs\":[],\"logo\":{\"@type\":\"ImageObject\",\"@id\":\"https:\/\/lesudacheval.fr\/en\/#logo\",\"inLanguage\":\"en-GB\",\"url\":\"https:\/\/lesudacheval.fr\/\/wp-content\/uploads\/2021\/03\/logo-Le-Sud-A-Cheval-copie-2.jpg\",\"contentUrl\":\"https:\/\/lesudacheval.fr\/\/wp-content\/uploads\/2021\/03\/logo-Le-Sud-A-Cheval-copie-2.jpg\",\"width\":200,\"height\":209,\"caption\":\"Le sud \u00e0 cheval\"},\"image\":{\"@id\":\"https:\/\/lesudacheval.fr\/en\/#logo\"}},{\"@type\":\"WebSite\",\"@id\":\"https:\/\/lesudacheval.fr\/en\/#website\",\"url\":\"https:\/\/lesudacheval.fr\/en\/\",\"name\":\"Le Sud \u00e0 Cheval\",\"description\":\"Votre randonn\u00e9e \u00e0 cheval Luberon Provence\",\"publisher\":{\"@id\":\"https:\/\/lesudacheval.fr\/en\/#organization\"},\"potentialAction\":[{\"@type\":\"SearchAction\",\"target\":{\"@type\":\"EntryPoint\",\"urlTemplate\":\"https:\/\/lesudacheval.fr\/en\/?s={search_term_string}\"},\"query-input\":\"required name=search_term_string\"}],\"inLanguage\":\"en-GB\"},{\"@type\":\"ImageObject\",\"@id\":\"https:\/\/lesudacheval.fr\/en\/reservation-horse-trekking-horseback\/#primaryimage\",\"inLanguage\":\"en-GB\",\"url\":\"https:\/\/lesudacheval.fr\/\/wp-content\/uploads\/2021\/03\/cabrade-D.jpg\",\"contentUrl\":\"https:\/\/lesudacheval.fr\/\/wp-content\/uploads\/2021\/03\/cabrade-D.jpg\"},{\"@type\":\"WebPage\",\"@id\":\"https:\/\/lesudacheval.fr\/en\/reservation-horse-trekking-horseback\/#webpage\",\"url\":\"https:\/\/lesudacheval.fr\/en\/reservation-horse-trekking-horseback\/\",\"name\":\"Horseback riding in Lauris - Le Sud \u00e0 Cheval\",\"isPartOf\":{\"@id\":\"https:\/\/lesudacheval.fr\/en\/#website\"},\"primaryImageOfPage\":{\"@id\":\"https:\/\/lesudacheval.fr\/en\/reservation-horse-trekking-horseback\/#primaryimage\"},\"datePublished\":\"2021-05-11T16:19:18+00:00\",\"dateModified\":\"2022-07-20T13:11:28+00:00\",\"description\":\"Le Sud \u00e0 cheval | Horse riding center in FRANCE Lauris, 84 | horseback LAURIS | trail ride FRANCE | contacts and reservations | Didier M\u00e9jard horseback riding guide\",\"breadcrumb\":{\"@id\":\"https:\/\/lesudacheval.fr\/en\/reservation-horse-trekking-horseback\/#breadcrumb\"},\"inLanguage\":\"en-GB\",\"potentialAction\":[{\"@type\":\"ReadAction\",\"target\":[\"https:\/\/lesudacheval.fr\/en\/reservation-horse-trekking-horseback\/\"]}]},{\"@type\":\"BreadcrumbList\",\"@id\":\"https:\/\/lesudacheval.fr\/en\/reservation-horse-trekking-horseback\/#breadcrumb\",\"itemListElement\":[{\"@type\":\"ListItem\",\"position\":1,\"name\":\"Accueil\",\"item\":\"https:\/\/lesudacheval.fr\/en\/\"},{\"@type\":\"ListItem\",\"position\":2,\"name\":\"Reservations and contacts\"}]}]}<\/script>\n<!-- \/ Yoast SEO plugin. -->","yoast_head_json":{"title":"Horseback riding in Lauris - Le Sud \u00e0 Cheval","description":"Le Sud \u00e0 cheval | Horse riding center in FRANCE Lauris, 84 | horseback LAURIS | trail ride FRANCE | contacts and reservations | Didier M\u00e9jard horseback riding guide","robots":{"index":"index","follow":"follow","max-snippet":"max-snippet:-1","max-image-preview":"max-image-preview:large","max-video-preview":"max-video-preview:-1"},"canonical":"https:\/\/lesudacheval.fr\/en\/reservation-horse-trekking-horseback\/","og_locale":"en_GB","og_type":"article","og_title":"Horseback riding in Lauris - Le Sud \u00e0 Cheval","og_description":"Le Sud \u00e0 cheval | Horse riding center in FRANCE Lauris, 84 | horseback LAURIS | trail ride FRANCE | contacts and reservations | Didier M\u00e9jard horseback riding guide","og_url":"https:\/\/lesudacheval.fr\/en\/reservation-horse-trekking-horseback\/","og_site_name":"Le Sud \u00e0 Cheval","article_modified_time":"2022-07-20T13:11:28+00:00","og_image":[{"url":"https:\/\/lesudacheval.fr\/\/wp-content\/uploads\/2021\/03\/cabrade-D.jpg"}],"twitter_card":"summary_large_image","schema":{"@context":"https:\/\/schema.org","@graph":[{"@type":"Organization","@id":"https:\/\/lesudacheval.fr\/en\/#organization","name":"Le sud \u00e0 cheval","url":"https:\/\/lesudacheval.fr\/en\/","sameAs":[],"logo":{"@type":"ImageObject","@id":"https:\/\/lesudacheval.fr\/en\/#logo","inLanguage":"en-GB","url":"https:\/\/lesudacheval.fr\/\/wp-content\/uploads\/2021\/03\/logo-Le-Sud-A-Cheval-copie-2.jpg","contentUrl":"https:\/\/lesudacheval.fr\/\/wp-content\/uploads\/2021\/03\/logo-Le-Sud-A-Cheval-copie-2.jpg","width":200,"height":209,"caption":"Le sud \u00e0 cheval"},"image":{"@id":"https:\/\/lesudacheval.fr\/en\/#logo"}},{"@type":"WebSite","@id":"https:\/\/lesudacheval.fr\/en\/#website","url":"https:\/\/lesudacheval.fr\/en\/","name":"Le Sud \u00e0 Cheval","description":"Votre randonn\u00e9e \u00e0 cheval Luberon Provence","publisher":{"@id":"https:\/\/lesudacheval.fr\/en\/#organization"},"potentialAction":[{"@type":"SearchAction","target":{"@type":"EntryPoint","urlTemplate":"https:\/\/lesudacheval.fr\/en\/?s={search_term_string}"},"query-input":"required name=search_term_string"}],"inLanguage":"en-GB"},{"@type":"ImageObject","@id":"https:\/\/lesudacheval.fr\/en\/reservation-horse-trekking-horseback\/#primaryimage","inLanguage":"en-GB","url":"https:\/\/lesudacheval.fr\/\/wp-content\/uploads\/2021\/03\/cabrade-D.jpg","contentUrl":"https:\/\/lesudacheval.fr\/\/wp-content\/uploads\/2021\/03\/cabrade-D.jpg"},{"@type":"WebPage","@id":"https:\/\/lesudacheval.fr\/en\/reservation-horse-trekking-horseback\/#webpage","url":"https:\/\/lesudacheval.fr\/en\/reservation-horse-trekking-horseback\/","name":"Horseback riding in Lauris - Le Sud \u00e0 Cheval","isPartOf":{"@id":"https:\/\/lesudacheval.fr\/en\/#website"},"primaryImageOfPage":{"@id":"https:\/\/lesudacheval.fr\/en\/reservation-horse-trekking-horseback\/#primaryimage"},"datePublished":"2021-05-11T16:19:18+00:00","dateModified":"2022-07-20T13:11:28+00:00","description":"Le Sud \u00e0 cheval | Horse riding center in FRANCE Lauris, 84 | horseback LAURIS | trail ride FRANCE | contacts and reservations | Didier M\u00e9jard horseback riding guide","breadcrumb":{"@id":"https:\/\/lesudacheval.fr\/en\/reservation-horse-trekking-horseback\/#breadcrumb"},"inLanguage":"en-GB","potentialAction":[{"@type":"ReadAction","target":["https:\/\/lesudacheval.fr\/en\/reservation-horse-trekking-horseback\/"]}]},{"@type":"BreadcrumbList","@id":"https:\/\/lesudacheval.fr\/en\/reservation-horse-trekking-horseback\/#breadcrumb","itemListElement":[{"@type":"ListItem","position":1,"name":"Accueil","item":"https:\/\/lesudacheval.fr\/en\/"},{"@type":"ListItem","position":2,"name":"Reservations and contacts"}]}]}},"_links":{"self":[{"href":"https:\/\/lesudacheval.fr\/en\/wp-json\/wp\/v2\/pages\/2045","targetHints":{"allow":["GET"]}}],"collection":[{"href":"https:\/\/lesudacheval.fr\/en\/wp-json\/wp\/v2\/pages"}],"about":[{"href":"https:\/\/lesudacheval.fr\/en\/wp-json\/wp\/v2\/types\/page"}],"author":[{"embeddable":true,"href":"https:\/\/lesudacheval.fr\/en\/wp-json\/wp\/v2\/users\/1"}],"replies":[{"embeddable":true,"href":"https:\/\/lesudacheval.fr\/en\/wp-json\/wp\/v2\/comments?post=2045"}],"version-history":[{"count":7,"href":"https:\/\/lesudacheval.fr\/en\/wp-json\/wp\/v2\/pages\/2045\/revisions"}],"predecessor-version":[{"id":2115,"href":"https:\/\/lesudacheval.fr\/en\/wp-json\/wp\/v2\/pages\/2045\/revisions\/2115"}],"wp:attachment":[{"href":"https:\/\/lesudacheval.fr\/en\/wp-json\/wp\/v2\/media?parent=2045"}],"curies":[{"name":"wp","href":"https:\/\/api.w.org\/{rel}","templated":true}]}}