{"id":2009,"date":"2021-01-03T22:37:59","date_gmt":"2021-01-03T21:37:59","guid":{"rendered":"https:\/\/lesudacheval.fr\/iinfo-horse-trekking-luberon-france\/"},"modified":"2022-07-20T10:42:33","modified_gmt":"2022-07-20T08:42:33","slug":"iinfo-horse-trekking-luberon-france","status":"publish","type":"page","link":"https:\/\/lesudacheval.fr\/en\/iinfo-horse-trekking-luberon-france\/","title":{"rendered":"Practical information"},"content":{"rendered":"<p>[et_pb_section fb_built=&#8221;1&#8243; admin_label=&#8221;section&#8221; _builder_version=&#8221;3.22&#8243;][et_pb_row admin_label=&#8221;row&#8221; _builder_version=&#8221;3.25&#8243; background_size=&#8221;initial&#8221; background_position=&#8221;top_left&#8221; background_repeat=&#8221;repeat&#8221;][et_pb_column type=&#8221;4_4&#8243; _builder_version=&#8221;3.25&#8243; custom_padding=&#8221;|||&#8221; custom_padding__hover=&#8221;|||&#8221;][et_pb_text _builder_version=&#8221;4.9.4&#8243; _module_preset=&#8221;default&#8221;]<\/p>\n<h1 style=\"text-align: center;\">Come trail riding with \u00ab Le Sud \u00e0 Cheval \u00bb (The South (of France) on horseback), horse trekking center at Lauris (Vaucluse, France). Traveling on horseback: an ethic and a way of life.<\/h1>\n<p>[\/et_pb_text][et_pb_text _builder_version=&#8221;4.9.4&#8243; _module_preset=&#8221;default&#8221;]<!-- divi:gallery {\"ids\":[285,286,287,288],\"columns\":3,\"linkTo\":\"none\"} --><\/p>\n<figure class=\"wp-block-gallery columns-3 is-cropped\">\n<ul class=\"blocks-gallery-grid\">\n<li class=\"blocks-gallery-item\">\n<figure><img loading=\"lazy\" decoding=\"async\" width=\"1024\" height=\"683\" src=\"https:\/\/lesudacheval.fr\/\/wp-content\/uploads\/2021\/02\/village-en-pierre-2.jpg\" alt=\"\" data-id=\"285\" data-link=\"https:\/\/lesudacheval.fr\/\/?attachment_id=285\" class=\"wp-image-285\" srcset=\"https:\/\/lesudacheval.fr\/wp-content\/uploads\/2021\/02\/village-en-pierre-2.jpg 1024w, https:\/\/lesudacheval.fr\/wp-content\/uploads\/2021\/02\/village-en-pierre-2-300x200.jpg 300w, https:\/\/lesudacheval.fr\/wp-content\/uploads\/2021\/02\/village-en-pierre-2-768x512.jpg 768w\" sizes=\"auto, (max-width: 1024px) 100vw, 1024px\" \/><\/figure>\n<\/li>\n<li class=\"blocks-gallery-item\">\n<figure><img loading=\"lazy\" decoding=\"async\" width=\"1024\" height=\"683\" src=\"https:\/\/lesudacheval.fr\/\/wp-content\/uploads\/2021\/02\/cactus.jpg\" alt=\"\" data-id=\"286\" data-link=\"https:\/\/lesudacheval.fr\/\/?attachment_id=286\" class=\"wp-image-286\" srcset=\"https:\/\/lesudacheval.fr\/wp-content\/uploads\/2021\/02\/cactus.jpg 1024w, https:\/\/lesudacheval.fr\/wp-content\/uploads\/2021\/02\/cactus-300x200.jpg 300w, https:\/\/lesudacheval.fr\/wp-content\/uploads\/2021\/02\/cactus-768x512.jpg 768w\" sizes=\"auto, (max-width: 1024px) 100vw, 1024px\" \/><\/figure>\n<\/li>\n<li class=\"blocks-gallery-item\">\n<figure><img loading=\"lazy\" decoding=\"async\" width=\"1024\" height=\"683\" src=\"https:\/\/lesudacheval.fr\/\/wp-content\/uploads\/2021\/02\/par-ou-1.jpg\" alt=\"\" data-id=\"287\" data-link=\"https:\/\/lesudacheval.fr\/\/?attachment_id=287\" class=\"wp-image-287\" srcset=\"https:\/\/lesudacheval.fr\/wp-content\/uploads\/2021\/02\/par-ou-1.jpg 1024w, https:\/\/lesudacheval.fr\/wp-content\/uploads\/2021\/02\/par-ou-1-300x200.jpg 300w, https:\/\/lesudacheval.fr\/wp-content\/uploads\/2021\/02\/par-ou-1-768x512.jpg 768w\" sizes=\"auto, (max-width: 1024px) 100vw, 1024px\" \/><\/figure>\n<\/li>\n<li class=\"blocks-gallery-item\">\n<figure><img decoding=\"async\" src=\"https:\/\/lesudacheval.fr\/\/wp-content\/uploads\/2021\/05\/infos-randonnees.jpg\" alt=\"Our treks\" data-id=\"288\" data-full-url=\"https:\/\/lesudacheval.fr\/\/wp-content\/uploads\/2021\/05\/infos-randonnees.jpg\" class=\"wp-image-288\"><\/figure>\n<\/li>\n<\/ul>\n<\/figure>\n<p><!-- \/divi:gallery -->[\/et_pb_text][et_pb_text _builder_version=&#8221;4.9.4&#8243; _module_preset=&#8221;default&#8221;]Our treks are open to all adult riders and to children over 12 accompanied by an adult.<br \/>\n<strong>Level required :<\/strong> confident and in control at all paces, rising trot, not afraid of galloping with an easy to ride horse.<br \/>\nIt\u2019s enough to be in good health&nbsp;: able to spend 5 or 6 hours a day in the saddle and to do some downhill walking on rocky ground.<\/p>\n<p><strong>These&nbsp; treks also focus on human aspects: we limit the group to 4 riders + the guide, a way tril ridinof guaranteeing friendliness and the kind of trek you imagine.<\/strong>[\/et_pb_text][et_pb_image src=&#8221;https:\/\/lesudacheval.fr\/\/wp-content\/uploads\/2021\/06\/pause-pour-les-chevaux.jpg&#8221; title_text=&#8221;pause-horses&#8221; _builder_version=&#8221;4.9.4&#8243; _module_preset=&#8221;default&#8221;][\/et_pb_image][et_pb_text admin_label=&#8221;Text&#8221; _builder_version=&#8221;4.9.4&#8243; background_size=&#8221;initial&#8221; background_position=&#8221;top_left&#8221; background_repeat=&#8221;repeat&#8221;]<!-- divi:paragraph --><\/p>\n<p>&nbsp;<\/p>\n<p><!-- divi:heading {\"textAlign\":\"center\"} --><\/p>\n<h2 class=\"has-text-align-center\"><span class=\"has-inline-color has-vivid-purple-color\">The way a trek goes<\/span><\/h2>\n<p><!-- \/divi:heading --><\/p>\n<p><!-- divi:paragraph --><\/p>\n<p><strong>We\u2019ll meet at \u201c&nbsp;Sud \u00e0 cheval\u201d &nbsp;the first morning at 9 a.m.<\/strong> or the evening before about 6 p.m., if you have booked an extra half pension.<br \/>\nWe present our itinerary, the horses and the equipment. Didier will choose the horse that suits each rider the best. You will brush it and saddle it. We are always around to help you. Then we\u2019re off.<br \/>\nThe pace is on the calm side, but diverse, with galloping when the ground is right for it.<br \/>\nOur saddles (handmade trekking saddles or western <em>\u201cPools\u201d<\/em>) are all equipped with saddle bags so that you can carry the noon picnic that we supply and your personal things for the day. You will get back the rest of your luggage at your lodging place for the night.<br \/>\n<strong>The last day, the trek will end about 5:30 p.m.<\/strong><\/p>\n<p><!-- \/divi:paragraph --><\/p>\n<p><!-- divi:gallery {\"ids\":[277,278],\"linkTo\":\"none\"} --><\/p>\n<figure class=\"wp-block-gallery columns-2 is-cropped\">\n<ul class=\"blocks-gallery-grid\">\n<li class=\"blocks-gallery-item\">\n<figure><img loading=\"lazy\" decoding=\"async\" width=\"1024\" height=\"683\" src=\"https:\/\/lesudacheval.fr\/\/wp-content\/uploads\/2021\/02\/voyage-1.jpg\" alt=\"\" data-id=\"277\" data-full-url=\"https:\/\/lesudacheval.fr\/\/wp-content\/uploads\/2021\/02\/voyage-1.jpg\" data-link=\"https:\/\/lesudacheval.fr\/\/?attachment_id=277\" class=\"wp-image-277\" srcset=\"https:\/\/lesudacheval.fr\/wp-content\/uploads\/2021\/02\/voyage-1.jpg 1024w, https:\/\/lesudacheval.fr\/wp-content\/uploads\/2021\/02\/voyage-1-300x200.jpg 300w, https:\/\/lesudacheval.fr\/wp-content\/uploads\/2021\/02\/voyage-1-768x512.jpg 768w\" sizes=\"auto, (max-width: 1024px) 100vw, 1024px\" \/><\/figure>\n<\/li>\n<li class=\"blocks-gallery-item\">\n<figure><img loading=\"lazy\" decoding=\"async\" width=\"1024\" height=\"683\" src=\"https:\/\/lesudacheval.fr\/\/wp-content\/uploads\/2021\/02\/Arizona.jpg\" alt=\"\" data-id=\"278\" data-full-url=\"https:\/\/lesudacheval.fr\/\/wp-content\/uploads\/2021\/02\/Arizona.jpg\" data-link=\"https:\/\/lesudacheval.fr\/\/?attachment_id=278\" class=\"wp-image-278\" srcset=\"https:\/\/lesudacheval.fr\/wp-content\/uploads\/2021\/02\/Arizona.jpg 1024w, https:\/\/lesudacheval.fr\/wp-content\/uploads\/2021\/02\/Arizona-300x200.jpg 300w, https:\/\/lesudacheval.fr\/wp-content\/uploads\/2021\/02\/Arizona-768x512.jpg 768w\" sizes=\"auto, (max-width: 1024px) 100vw, 1024px\" \/><\/figure>\n<\/li>\n<\/ul><figcaption class=\"blocks-gallery-caption\">Comfortable saddles for horses\u2026and for riders<\/figcaption><\/figure>\n<p><!-- \/divi:paragraph --><\/p>\n<p><!-- divi:image {\"id\":283,\"sizeSlug\":\"large\",\"linkDestination\":\"none\"} --><\/p>\n<p><!-- \/divi:image -->[\/et_pb_text][et_pb_text _builder_version=&#8221;4.9.4&#8243; _module_preset=&#8221;default&#8221;]<\/p>\n<h2 class=\"has-text-align-center\"><span class=\"has-inline-color has-vivid-purple-color\">Equipment to bring for a serene ride<\/span><\/h2>\n<p><!-- \/divi:heading --><\/p>\n<p><!-- divi:paragraph --><\/p>\n<p><strong>Necessary:<\/strong><\/p>\n<ul>\n<li>A water bottle,<\/li>\n<li>A pocket knife,<\/li>\n<li>A sleeping bag,<\/li>\n<li>A flashlight,<\/li>\n<li>Towels,<\/li>\n<li>A first aid kit and personal medicine,<\/li>\n<li>Shoes or boots with antiskid soles,<\/li>\n<li>A rainproof jacket,<\/li>\n<li>Your good spirit\u2026<\/li>\n<li>A certified helmet or bomb (strongly advised for adults, mandatory for minors).<\/li>\n<\/ul>\n<p><!-- divi:paragraph --><\/p>\n<p><strong>Advised&nbsp; :<\/strong><strong><\/strong><\/p>\n<ul>\n<li>Riding pants,<\/li>\n<li>chaps or mini-chaps,<\/li>\n<li>Trekking shoes,<\/li>\n<li>Cotton underwear (avoid synthetics),<\/li>\n<li>arplugs,<\/li>\n<li>A swimming suit,<\/li>\n<li>A good book<\/li>\n<li>And for sensitive backsides, cycling shorts.<\/li>\n<\/ul>\n<p><!-- \/divi:list --><\/p>\n<p><!-- divi:paragraph --><\/p>\n<p>And all that in one suitcase or bag. (The sleeping bag can be outside)[\/et_pb_text][et_pb_text admin_label=&#8221;Text&#8221; _builder_version=&#8221;4.9.4&#8243; background_size=&#8221;initial&#8221; background_position=&#8221;top_left&#8221; background_repeat=&#8221;repeat&#8221;]<!-- divi:gallery {\"ids\":[285,286,287,288],\"columns\":3,\"linkTo\":\"none\"} --><\/p>\n<figure class=\"wp-block-gallery columns-3 is-cropped\">\n<ul class=\"blocks-gallery-grid\"><\/ul>\n<\/figure>\n<p><!-- \/divi:paragraph --><\/p>\n<p><!-- divi:heading {\"textAlign\":\"center\"} --><\/p>\n<h2 class=\"has-text-align-center\"><strong><span class=\"has-inline-color has-vivid-purple-color\">Le Sud \u00e0 Cheval, south of the Luberon<\/span><\/strong><\/h2>\n<p><!-- \/divi:heading --><\/p>\n<p><!-- divi:paragraph --><\/p>\n<p>Le Sud \u00e0 Cheval is located in Lauris, south of the Luberon, in the Vaucluse, in Provence, 45 minutes from Avignon and Aix en Provence and 1 hour from Marseille.<\/p>\n<p><!-- \/divi:paragraph --><\/p>\n<p><!-- divi:paragraph --><\/p>\n<p>For <strong>hiking departures<\/strong>, the meeting point is at the <strong>gite l&#8217;Aiolo,<\/strong> <strong>677 Chemin de Recaute, 84360 Lauris<\/strong><\/p>\n<p><!-- \/divi:paragraph --><\/p>\n<p><!-- divi:image {\"id\":283,\"sizeSlug\":\"large\",\"linkDestination\":\"none\"} --><\/p>\n<p><!-- \/divi:image -->[\/et_pb_text][et_pb_image src=&#8221;https:\/\/lesudacheval.fr\/\/wp-content\/uploads\/2021\/02\/carte_pour_situation.jpg&#8221; title_text=&#8221;centre-equestre-lauris&#8221; _builder_version=&#8221;4.9.4&#8243; _module_preset=&#8221;default&#8221; module_alignment=&#8221;center&#8221; custom_padding=&#8221;|||250px|false|false&#8221; hover_enabled=&#8221;0&#8243; alt=&#8221;centre tourisme equestre lauris, centre equestre lauris luberon&#8221; sticky_enabled=&#8221;0&#8243;][\/et_pb_image][\/et_pb_column][\/et_pb_row][\/et_pb_section]<\/p>\n","protected":false},"excerpt":{"rendered":"<p>Come trail riding with \u00ab Le Sud \u00e0 Cheval \u00bb (The South (of France) on horseback), horse trekking center at Lauris (Vaucluse, France). Traveling on horseback: an ethic and a way of life. Our treks are open to all adult riders and to children over 12 accompanied by an adult. Level required : confident and [&hellip;]<\/p>\n","protected":false},"author":1,"featured_media":0,"parent":0,"menu_order":0,"comment_status":"closed","ping_status":"closed","template":"","meta":{"_et_pb_use_builder":"on","_et_pb_old_content":"","_et_gb_content_width":"","footnotes":""},"class_list":["post-2009","page","type-page","status-publish","hentry"],"yoast_head":"<!-- This site is optimized with the Yoast SEO plugin v18.1 - https:\/\/yoast.com\/wordpress\/plugins\/seo\/ -->\n<title>Sud \u00e0 cheval | Trail riding, practical infos<\/title>\n<meta name=\"description\" content=\"Trail riding organized by Le Sud \u00e0 Cheval, in Lauris, Provence | Practical information : equipment for hiking, accommodation, saddles | Locate the horse riding center in the south of the Luberon, in the Vaucluse\" \/>\n<meta name=\"robots\" content=\"index, follow, max-snippet:-1, max-image-preview:large, max-video-preview:-1\" \/>\n<link rel=\"canonical\" href=\"https:\/\/lesudacheval.fr\/en\/iinfo-horse-trekking-luberon-france\/\" \/>\n<meta property=\"og:locale\" content=\"en_GB\" \/>\n<meta property=\"og:type\" content=\"article\" \/>\n<meta property=\"og:title\" content=\"Sud \u00e0 cheval | Trail riding, practical infos\" \/>\n<meta property=\"og:description\" content=\"Trail riding organized by Le Sud \u00e0 Cheval, in Lauris, Provence | Practical information : equipment for hiking, accommodation, saddles | Locate the horse riding center in the south of the Luberon, in the Vaucluse\" \/>\n<meta property=\"og:url\" content=\"https:\/\/lesudacheval.fr\/en\/iinfo-horse-trekking-luberon-france\/\" \/>\n<meta property=\"og:site_name\" content=\"Le Sud \u00e0 Cheval\" \/>\n<meta property=\"article:modified_time\" content=\"2022-07-20T08:42:33+00:00\" \/>\n<meta property=\"og:image\" content=\"https:\/\/lesudacheval.fr\/\/wp-content\/uploads\/2021\/02\/village-en-pierre-2.jpg\" \/>\n<meta name=\"twitter:card\" content=\"summary_large_image\" \/>\n<script type=\"application\/ld+json\" class=\"yoast-schema-graph\">{\"@context\":\"https:\/\/schema.org\",\"@graph\":[{\"@type\":\"Organization\",\"@id\":\"https:\/\/lesudacheval.fr\/en\/#organization\",\"name\":\"Le sud \u00e0 cheval\",\"url\":\"https:\/\/lesudacheval.fr\/en\/\",\"sameAs\":[],\"logo\":{\"@type\":\"ImageObject\",\"@id\":\"https:\/\/lesudacheval.fr\/en\/#logo\",\"inLanguage\":\"en-GB\",\"url\":\"https:\/\/lesudacheval.fr\/\/wp-content\/uploads\/2021\/03\/logo-Le-Sud-A-Cheval-copie-2.jpg\",\"contentUrl\":\"https:\/\/lesudacheval.fr\/\/wp-content\/uploads\/2021\/03\/logo-Le-Sud-A-Cheval-copie-2.jpg\",\"width\":200,\"height\":209,\"caption\":\"Le sud \u00e0 cheval\"},\"image\":{\"@id\":\"https:\/\/lesudacheval.fr\/en\/#logo\"}},{\"@type\":\"WebSite\",\"@id\":\"https:\/\/lesudacheval.fr\/en\/#website\",\"url\":\"https:\/\/lesudacheval.fr\/en\/\",\"name\":\"Le Sud \u00e0 Cheval\",\"description\":\"Votre randonn\u00e9e \u00e0 cheval Luberon Provence\",\"publisher\":{\"@id\":\"https:\/\/lesudacheval.fr\/en\/#organization\"},\"potentialAction\":[{\"@type\":\"SearchAction\",\"target\":{\"@type\":\"EntryPoint\",\"urlTemplate\":\"https:\/\/lesudacheval.fr\/en\/?s={search_term_string}\"},\"query-input\":\"required name=search_term_string\"}],\"inLanguage\":\"en-GB\"},{\"@type\":\"ImageObject\",\"@id\":\"https:\/\/lesudacheval.fr\/en\/iinfo-horse-trekking-luberon-france\/#primaryimage\",\"inLanguage\":\"en-GB\",\"url\":\"https:\/\/lesudacheval.fr\/\/wp-content\/uploads\/2021\/02\/village-en-pierre-2.jpg\",\"contentUrl\":\"https:\/\/lesudacheval.fr\/\/wp-content\/uploads\/2021\/02\/village-en-pierre-2.jpg\"},{\"@type\":\"WebPage\",\"@id\":\"https:\/\/lesudacheval.fr\/en\/iinfo-horse-trekking-luberon-france\/#webpage\",\"url\":\"https:\/\/lesudacheval.fr\/en\/iinfo-horse-trekking-luberon-france\/\",\"name\":\"Sud \u00e0 cheval | Trail riding, practical infos\",\"isPartOf\":{\"@id\":\"https:\/\/lesudacheval.fr\/en\/#website\"},\"primaryImageOfPage\":{\"@id\":\"https:\/\/lesudacheval.fr\/en\/iinfo-horse-trekking-luberon-france\/#primaryimage\"},\"datePublished\":\"2021-01-03T21:37:59+00:00\",\"dateModified\":\"2022-07-20T08:42:33+00:00\",\"description\":\"Trail riding organized by Le Sud \u00e0 Cheval, in Lauris, Provence | Practical information : equipment for hiking, accommodation, saddles | Locate the horse riding center in the south of the Luberon, in the Vaucluse\",\"breadcrumb\":{\"@id\":\"https:\/\/lesudacheval.fr\/en\/iinfo-horse-trekking-luberon-france\/#breadcrumb\"},\"inLanguage\":\"en-GB\",\"potentialAction\":[{\"@type\":\"ReadAction\",\"target\":[\"https:\/\/lesudacheval.fr\/en\/iinfo-horse-trekking-luberon-france\/\"]}]},{\"@type\":\"BreadcrumbList\",\"@id\":\"https:\/\/lesudacheval.fr\/en\/iinfo-horse-trekking-luberon-france\/#breadcrumb\",\"itemListElement\":[{\"@type\":\"ListItem\",\"position\":1,\"name\":\"Accueil\",\"item\":\"https:\/\/lesudacheval.fr\/en\/\"},{\"@type\":\"ListItem\",\"position\":2,\"name\":\"Practical information\"}]}]}<\/script>\n<!-- \/ Yoast SEO plugin. -->","yoast_head_json":{"title":"Sud \u00e0 cheval | Trail riding, practical infos","description":"Trail riding organized by Le Sud \u00e0 Cheval, in Lauris, Provence | Practical information : equipment for hiking, accommodation, saddles | Locate the horse riding center in the south of the Luberon, in the Vaucluse","robots":{"index":"index","follow":"follow","max-snippet":"max-snippet:-1","max-image-preview":"max-image-preview:large","max-video-preview":"max-video-preview:-1"},"canonical":"https:\/\/lesudacheval.fr\/en\/iinfo-horse-trekking-luberon-france\/","og_locale":"en_GB","og_type":"article","og_title":"Sud \u00e0 cheval | Trail riding, practical infos","og_description":"Trail riding organized by Le Sud \u00e0 Cheval, in Lauris, Provence | Practical information : equipment for hiking, accommodation, saddles | Locate the horse riding center in the south of the Luberon, in the Vaucluse","og_url":"https:\/\/lesudacheval.fr\/en\/iinfo-horse-trekking-luberon-france\/","og_site_name":"Le Sud \u00e0 Cheval","article_modified_time":"2022-07-20T08:42:33+00:00","og_image":[{"url":"https:\/\/lesudacheval.fr\/\/wp-content\/uploads\/2021\/02\/village-en-pierre-2.jpg"}],"twitter_card":"summary_large_image","schema":{"@context":"https:\/\/schema.org","@graph":[{"@type":"Organization","@id":"https:\/\/lesudacheval.fr\/en\/#organization","name":"Le sud \u00e0 cheval","url":"https:\/\/lesudacheval.fr\/en\/","sameAs":[],"logo":{"@type":"ImageObject","@id":"https:\/\/lesudacheval.fr\/en\/#logo","inLanguage":"en-GB","url":"https:\/\/lesudacheval.fr\/\/wp-content\/uploads\/2021\/03\/logo-Le-Sud-A-Cheval-copie-2.jpg","contentUrl":"https:\/\/lesudacheval.fr\/\/wp-content\/uploads\/2021\/03\/logo-Le-Sud-A-Cheval-copie-2.jpg","width":200,"height":209,"caption":"Le sud \u00e0 cheval"},"image":{"@id":"https:\/\/lesudacheval.fr\/en\/#logo"}},{"@type":"WebSite","@id":"https:\/\/lesudacheval.fr\/en\/#website","url":"https:\/\/lesudacheval.fr\/en\/","name":"Le Sud \u00e0 Cheval","description":"Votre randonn\u00e9e \u00e0 cheval Luberon Provence","publisher":{"@id":"https:\/\/lesudacheval.fr\/en\/#organization"},"potentialAction":[{"@type":"SearchAction","target":{"@type":"EntryPoint","urlTemplate":"https:\/\/lesudacheval.fr\/en\/?s={search_term_string}"},"query-input":"required name=search_term_string"}],"inLanguage":"en-GB"},{"@type":"ImageObject","@id":"https:\/\/lesudacheval.fr\/en\/iinfo-horse-trekking-luberon-france\/#primaryimage","inLanguage":"en-GB","url":"https:\/\/lesudacheval.fr\/\/wp-content\/uploads\/2021\/02\/village-en-pierre-2.jpg","contentUrl":"https:\/\/lesudacheval.fr\/\/wp-content\/uploads\/2021\/02\/village-en-pierre-2.jpg"},{"@type":"WebPage","@id":"https:\/\/lesudacheval.fr\/en\/iinfo-horse-trekking-luberon-france\/#webpage","url":"https:\/\/lesudacheval.fr\/en\/iinfo-horse-trekking-luberon-france\/","name":"Sud \u00e0 cheval | Trail riding, practical infos","isPartOf":{"@id":"https:\/\/lesudacheval.fr\/en\/#website"},"primaryImageOfPage":{"@id":"https:\/\/lesudacheval.fr\/en\/iinfo-horse-trekking-luberon-france\/#primaryimage"},"datePublished":"2021-01-03T21:37:59+00:00","dateModified":"2022-07-20T08:42:33+00:00","description":"Trail riding organized by Le Sud \u00e0 Cheval, in Lauris, Provence | Practical information : equipment for hiking, accommodation, saddles | Locate the horse riding center in the south of the Luberon, in the Vaucluse","breadcrumb":{"@id":"https:\/\/lesudacheval.fr\/en\/iinfo-horse-trekking-luberon-france\/#breadcrumb"},"inLanguage":"en-GB","potentialAction":[{"@type":"ReadAction","target":["https:\/\/lesudacheval.fr\/en\/iinfo-horse-trekking-luberon-france\/"]}]},{"@type":"BreadcrumbList","@id":"https:\/\/lesudacheval.fr\/en\/iinfo-horse-trekking-luberon-france\/#breadcrumb","itemListElement":[{"@type":"ListItem","position":1,"name":"Accueil","item":"https:\/\/lesudacheval.fr\/en\/"},{"@type":"ListItem","position":2,"name":"Practical information"}]}]}},"_links":{"self":[{"href":"https:\/\/lesudacheval.fr\/en\/wp-json\/wp\/v2\/pages\/2009","targetHints":{"allow":["GET"]}}],"collection":[{"href":"https:\/\/lesudacheval.fr\/en\/wp-json\/wp\/v2\/pages"}],"about":[{"href":"https:\/\/lesudacheval.fr\/en\/wp-json\/wp\/v2\/types\/page"}],"author":[{"embeddable":true,"href":"https:\/\/lesudacheval.fr\/en\/wp-json\/wp\/v2\/users\/1"}],"replies":[{"embeddable":true,"href":"https:\/\/lesudacheval.fr\/en\/wp-json\/wp\/v2\/comments?post=2009"}],"version-history":[{"count":12,"href":"https:\/\/lesudacheval.fr\/en\/wp-json\/wp\/v2\/pages\/2009\/revisions"}],"predecessor-version":[{"id":2078,"href":"https:\/\/lesudacheval.fr\/en\/wp-json\/wp\/v2\/pages\/2009\/revisions\/2078"}],"wp:attachment":[{"href":"https:\/\/lesudacheval.fr\/en\/wp-json\/wp\/v2\/media?parent=2009"}],"curies":[{"name":"wp","href":"https:\/\/api.w.org\/{rel}","templated":true}]}}