{"id":2000,"date":"2021-05-12T19:48:39","date_gmt":"2021-05-12T17:48:39","guid":{"rendered":"https:\/\/lesudacheval.fr\/horse-riding-luberon-colorado\/"},"modified":"2022-07-12T18:33:28","modified_gmt":"2022-07-12T16:33:28","slug":"horse-riding-luberon-colorado","status":"publish","type":"page","link":"https:\/\/lesudacheval.fr\/en\/horse-riding-luberon-colorado\/","title":{"rendered":"Horseback riding"},"content":{"rendered":"<p>[et_pb_section fb_built=&#8221;1&#8243; _builder_version=&#8221;4.9.4&#8243; _module_preset=&#8221;default&#8221; custom_padding=&#8221;||0px|||&#8221;][et_pb_row _builder_version=&#8221;4.9.4&#8243; _module_preset=&#8221;default&#8221;][et_pb_column type=&#8221;4_4&#8243; _builder_version=&#8221;4.9.4&#8243; _module_preset=&#8221;default&#8221;][et_pb_text _builder_version=&#8221;4.9.4&#8243; _module_preset=&#8221;default&#8221;]<\/p>\n<h1>Horseback riding around Lauris, little paradise of Provence<\/h1>\n<p>&nbsp;<\/p>\n<h2>Day long or half day rides for experienced riders<\/h2>\n<p>&nbsp;<\/p>\n<p>Ride to discover the world of horse trekking, to get back in the saddle, or simply to spend a good moment in the heart of the Luberon nature. We will take you for a ride between the Durance river and the Luberon. <\/p>\n<p>[\/et_pb_text][\/et_pb_column][\/et_pb_row][et_pb_row column_structure=&#8221;2_5,3_5&#8243; use_custom_gutter=&#8221;on&#8221; disabled_on=&#8221;off|off|off&#8221; _builder_version=&#8221;4.9.4&#8243; _module_preset=&#8221;default&#8221; background_color=&#8221;rgba(252,201,0,0.71)&#8221; width=&#8221;100%&#8221; max_width=&#8221;1804px&#8221; custom_padding=&#8221;0px||0px|||&#8221;][et_pb_column type=&#8221;2_5&#8243; _builder_version=&#8221;4.9.4&#8243; _module_preset=&#8221;default&#8221;][et_pb_image src=&#8221;https:\/\/lesudacheval.fr\/\/wp-content\/uploads\/2021\/02\/Isa-se-retourne.jpg&#8221; alt=&#8221;horseriding-luberon&#8221; title_text=&#8221;horse-riding-luberon&#8221; force_fullwidth=&#8221;on&#8221; _builder_version=&#8221;4.9.4&#8243; _module_preset=&#8221;default&#8221; custom_margin=&#8221;0px|0px|0px|0px|false|false&#8221; custom_padding=&#8221;0px|0px|0px|0px|false|false&#8221;][\/et_pb_image][\/et_pb_column][et_pb_column type=&#8221;3_5&#8243; _builder_version=&#8221;4.9.4&#8243; _module_preset=&#8221;default&#8221;][et_pb_text _builder_version=&#8221;4.9.4&#8243; _module_preset=&#8221;default&#8221; custom_margin=&#8221;2%||||false|false&#8221; custom_padding=&#8221;10%|10%|||false|false&#8221;]<\/p>\n<p>Ride to discover the world of horse trekking, to get back in the saddle, or simply to spend a good moment in the heart of the Luberon nature. We will take you for a ride between the Durance river and the Luberon.<br \/>We will take you for a ride between the Durance river and the Luberon for half a day or all day (5 hours on horseback).<\/p>\n<p><!-- divi:gallery {\"ids\":[271,272,273],\"linkTo\":\"none\"} --><\/p>\n<figure class=\"wp-block-gallery columns-3 is-cropped\" style=\"margin-bottom: 0px!important; padding-bottom: 0px!important;\">\n<ul class=\"blocks-gallery-grid\" style=\"margin-bottom: 0px!important; padding-bottom: 0px!important;\">\n<li class=\"blocks-gallery-item\">\n<figure><\/figure>\n<\/li>\n<\/ul>\n<\/figure>\n<p>[\/et_pb_text][\/et_pb_column][\/et_pb_row][et_pb_row _builder_version=&#8221;4.9.4&#8243; _module_preset=&#8221;default&#8221;][et_pb_column type=&#8221;4_4&#8243; _builder_version=&#8221;4.9.4&#8243; _module_preset=&#8221;default&#8221;][et_pb_text _builder_version=&#8221;4.9.4&#8243; _module_preset=&#8221;default&#8221; hover_enabled=&#8221;0&#8243; sticky_enabled=&#8221;0&#8243;]<\/p>\n<p style=\"text-align: justify;\"><span>We go with our horses who are used to the outdoors, themselves experts on trekking,<\/span> and we only take advanced riders.<\/p>\n<p style=\"text-align: justify;\">Actually, our horses are trained for trekking several days. To assure pleasant rides, we have respectful horses, sure and careful with their riders.  In order to preserve their good education, we have a contract with them: we are careful about their comfort and their needs, and they give that back to us. They go long distances every year and stay in form with all their enthusiasm and their gentleness.<\/p>\n<p style=\"text-align: justify;\">Preserving the good education of a horse, is to communicate clearly and firmly with him without contradictions or abruptness. It\u2019s trusting him and riding with loose reins, a rising trot to protect his back. And to know how to thank him\u2026 at the right time.<\/p>\n<p style=\"text-align: justify;\"><span>If you are a beginner, we have some colleagues in the region who have the kind of horses for you: school horses, specialized in day rides. We can put you in touch with them.  <\/span><\/p>\n<p>&nbsp;<\/p>\n<h3 class=\"has-text-align-center\" style=\"text-align: left;\"><span class=\"has-inline-color has-vivid-purple-color\">Terms and rates for horseback riding:<\/span><\/h3>\n<p><span class=\"has-inline-color has-vivid-purple-color\"><\/span><\/p>\n<p><span style=\"color: #ff6600;\"><strong>We only take riders at ease in the three standard paces,<\/strong><\/span> pace, rising trot and gallop, adults and teenagers accompanied by an adult<\/p>\n<p>Dates upon request : +336 86 92 01 52<\/p>\n<p><strong>Two possibilities: :<br \/><\/strong>-Half a day on horseback, 60\u20ac<br \/>&#8211; One day on horseback (about 5 hours in the saddle): 130\u20ac picnic included<\/p>\n<p>[\/et_pb_text][\/et_pb_column][\/et_pb_row][et_pb_row column_structure=&#8221;3_4,1_4&#8243; _builder_version=&#8221;4.9.4&#8243; _module_preset=&#8221;default&#8221; background_color=&#8221;rgba(81,0,99,0.73)&#8221; width=&#8221;100%&#8221; max_width=&#8221;1468px&#8221; custom_margin=&#8221;0px|0px|0px|0px|false|true&#8221; custom_padding=&#8221;0px|0px|0px|0px|true|true&#8221; border_color_all=&#8221;#000000&#8243; border_width_top=&#8221;1px&#8221;][et_pb_column type=&#8221;3_4&#8243; _builder_version=&#8221;4.9.4&#8243; _module_preset=&#8221;default&#8221;][et_pb_text _builder_version=&#8221;4.9.4&#8243; _module_preset=&#8221;default&#8221; text_text_color=&#8221;#FFFFFF&#8221; text_font_size=&#8221;17px&#8221; header_3_text_color=&#8221;#FFFFFF&#8221; custom_padding=&#8221;5%|3%||10%|false|false&#8221;]<\/p>\n<h3>And why not try a longer horseback ride?<\/h3>\n<p><a href=\"https:\/\/lesudacheval.fr\/en\/horse-trekking-provence-france\/\" title=\"Trail riding provence\">2, 3, 4 or 5 days of horseback riding to fully immerse yourself in the landscapes of Provence<\/a>.<br \/><strong>You hesitate, you are not sure of your abilities?<\/strong> <a href=\"tel:06%2020%2086%2092%2001%2052\">Call Didier,<\/a> you can discuss it<\/p>\n<p>[\/et_pb_text][\/et_pb_column][et_pb_column type=&#8221;1_4&#8243; _builder_version=&#8221;4.9.4&#8243; _module_preset=&#8221;default&#8221;][et_pb_image src=&#8221;https:\/\/lesudacheval.fr\/\/wp-content\/uploads\/2020\/12\/DSC01426-300&#215;201.jpg&#8221; alt=&#8221;provencal colorado on horseback&#8221; title_text=&#8221;provencal colorado horse trekking&#8221; force_fullwidth=&#8221;on&#8221; _builder_version=&#8221;4.9.4&#8243; _module_preset=&#8221;default&#8221;][\/et_pb_image][\/et_pb_column][\/et_pb_row][\/et_pb_section]<\/p>\n","protected":false},"excerpt":{"rendered":"<p>Horseback riding around Lauris, little paradise of Provence &nbsp; Day long or half day rides for experienced riders &nbsp; Ride to discover the world of horse trekking, to get back in the saddle, or simply to spend a good moment in the heart of the Luberon nature. We will take you for a ride between [&hellip;]<\/p>\n","protected":false},"author":1,"featured_media":0,"parent":0,"menu_order":0,"comment_status":"closed","ping_status":"closed","template":"","meta":{"_et_pb_use_builder":"on","_et_pb_old_content":"","_et_gb_content_width":"","footnotes":""},"class_list":["post-2000","page","type-page","status-publish","hentry"],"yoast_head":"<!-- This site is optimized with the Yoast SEO plugin v18.1 - https:\/\/yoast.com\/wordpress\/plugins\/seo\/ -->\n<title>Horseback riding Lauris Luberon - Le Sud \u00e0 Cheval<\/title>\n<meta name=\"description\" content=\"Le Sud \u00e0 cheval, equestrian center in Lauris | Horse riding Luberon - horse riding Lauris | Didier M\u00e9jard horse riding guide Provence | Horseback riding by the hour or day\" \/>\n<meta name=\"robots\" content=\"index, follow, max-snippet:-1, max-image-preview:large, max-video-preview:-1\" \/>\n<link rel=\"canonical\" href=\"https:\/\/lesudacheval.fr\/en\/horse-riding-luberon-colorado\/\" \/>\n<meta property=\"og:locale\" content=\"en_GB\" \/>\n<meta property=\"og:type\" content=\"article\" \/>\n<meta property=\"og:title\" content=\"Horseback riding Lauris Luberon - Le Sud \u00e0 Cheval\" \/>\n<meta property=\"og:description\" content=\"Le Sud \u00e0 cheval, equestrian center in Lauris | Horse riding Luberon - horse riding Lauris | Didier M\u00e9jard horse riding guide Provence | Horseback riding by the hour or day\" \/>\n<meta property=\"og:url\" content=\"https:\/\/lesudacheval.fr\/en\/horse-riding-luberon-colorado\/\" \/>\n<meta property=\"og:site_name\" content=\"Le Sud \u00e0 Cheval\" \/>\n<meta property=\"article:modified_time\" content=\"2022-07-12T16:33:28+00:00\" \/>\n<meta name=\"twitter:card\" content=\"summary_large_image\" \/>\n<script type=\"application\/ld+json\" class=\"yoast-schema-graph\">{\"@context\":\"https:\/\/schema.org\",\"@graph\":[{\"@type\":\"Organization\",\"@id\":\"https:\/\/lesudacheval.fr\/en\/#organization\",\"name\":\"Le sud \u00e0 cheval\",\"url\":\"https:\/\/lesudacheval.fr\/en\/\",\"sameAs\":[],\"logo\":{\"@type\":\"ImageObject\",\"@id\":\"https:\/\/lesudacheval.fr\/en\/#logo\",\"inLanguage\":\"en-GB\",\"url\":\"https:\/\/lesudacheval.fr\/\/wp-content\/uploads\/2021\/03\/logo-Le-Sud-A-Cheval-copie-2.jpg\",\"contentUrl\":\"https:\/\/lesudacheval.fr\/\/wp-content\/uploads\/2021\/03\/logo-Le-Sud-A-Cheval-copie-2.jpg\",\"width\":200,\"height\":209,\"caption\":\"Le sud \u00e0 cheval\"},\"image\":{\"@id\":\"https:\/\/lesudacheval.fr\/en\/#logo\"}},{\"@type\":\"WebSite\",\"@id\":\"https:\/\/lesudacheval.fr\/en\/#website\",\"url\":\"https:\/\/lesudacheval.fr\/en\/\",\"name\":\"Le Sud \u00e0 Cheval\",\"description\":\"Votre randonn\u00e9e \u00e0 cheval Luberon Provence\",\"publisher\":{\"@id\":\"https:\/\/lesudacheval.fr\/en\/#organization\"},\"potentialAction\":[{\"@type\":\"SearchAction\",\"target\":{\"@type\":\"EntryPoint\",\"urlTemplate\":\"https:\/\/lesudacheval.fr\/en\/?s={search_term_string}\"},\"query-input\":\"required name=search_term_string\"}],\"inLanguage\":\"en-GB\"},{\"@type\":\"WebPage\",\"@id\":\"https:\/\/lesudacheval.fr\/en\/horse-riding-luberon-colorado\/#webpage\",\"url\":\"https:\/\/lesudacheval.fr\/en\/horse-riding-luberon-colorado\/\",\"name\":\"Horseback riding Lauris Luberon - Le Sud \u00e0 Cheval\",\"isPartOf\":{\"@id\":\"https:\/\/lesudacheval.fr\/en\/#website\"},\"datePublished\":\"2021-05-12T17:48:39+00:00\",\"dateModified\":\"2022-07-12T16:33:28+00:00\",\"description\":\"Le Sud \u00e0 cheval, equestrian center in Lauris | Horse riding Luberon - horse riding Lauris | Didier M\u00e9jard horse riding guide Provence | Horseback riding by the hour or day\",\"breadcrumb\":{\"@id\":\"https:\/\/lesudacheval.fr\/en\/horse-riding-luberon-colorado\/#breadcrumb\"},\"inLanguage\":\"en-GB\",\"potentialAction\":[{\"@type\":\"ReadAction\",\"target\":[\"https:\/\/lesudacheval.fr\/en\/horse-riding-luberon-colorado\/\"]}]},{\"@type\":\"BreadcrumbList\",\"@id\":\"https:\/\/lesudacheval.fr\/en\/horse-riding-luberon-colorado\/#breadcrumb\",\"itemListElement\":[{\"@type\":\"ListItem\",\"position\":1,\"name\":\"Accueil\",\"item\":\"https:\/\/lesudacheval.fr\/en\/\"},{\"@type\":\"ListItem\",\"position\":2,\"name\":\"Horseback riding\"}]}]}<\/script>\n<!-- \/ Yoast SEO plugin. -->","yoast_head_json":{"title":"Horseback riding Lauris Luberon - Le Sud \u00e0 Cheval","description":"Le Sud \u00e0 cheval, equestrian center in Lauris | Horse riding Luberon - horse riding Lauris | Didier M\u00e9jard horse riding guide Provence | Horseback riding by the hour or day","robots":{"index":"index","follow":"follow","max-snippet":"max-snippet:-1","max-image-preview":"max-image-preview:large","max-video-preview":"max-video-preview:-1"},"canonical":"https:\/\/lesudacheval.fr\/en\/horse-riding-luberon-colorado\/","og_locale":"en_GB","og_type":"article","og_title":"Horseback riding Lauris Luberon - Le Sud \u00e0 Cheval","og_description":"Le Sud \u00e0 cheval, equestrian center in Lauris | Horse riding Luberon - horse riding Lauris | Didier M\u00e9jard horse riding guide Provence | Horseback riding by the hour or day","og_url":"https:\/\/lesudacheval.fr\/en\/horse-riding-luberon-colorado\/","og_site_name":"Le Sud \u00e0 Cheval","article_modified_time":"2022-07-12T16:33:28+00:00","twitter_card":"summary_large_image","schema":{"@context":"https:\/\/schema.org","@graph":[{"@type":"Organization","@id":"https:\/\/lesudacheval.fr\/en\/#organization","name":"Le sud \u00e0 cheval","url":"https:\/\/lesudacheval.fr\/en\/","sameAs":[],"logo":{"@type":"ImageObject","@id":"https:\/\/lesudacheval.fr\/en\/#logo","inLanguage":"en-GB","url":"https:\/\/lesudacheval.fr\/\/wp-content\/uploads\/2021\/03\/logo-Le-Sud-A-Cheval-copie-2.jpg","contentUrl":"https:\/\/lesudacheval.fr\/\/wp-content\/uploads\/2021\/03\/logo-Le-Sud-A-Cheval-copie-2.jpg","width":200,"height":209,"caption":"Le sud \u00e0 cheval"},"image":{"@id":"https:\/\/lesudacheval.fr\/en\/#logo"}},{"@type":"WebSite","@id":"https:\/\/lesudacheval.fr\/en\/#website","url":"https:\/\/lesudacheval.fr\/en\/","name":"Le Sud \u00e0 Cheval","description":"Votre randonn\u00e9e \u00e0 cheval Luberon Provence","publisher":{"@id":"https:\/\/lesudacheval.fr\/en\/#organization"},"potentialAction":[{"@type":"SearchAction","target":{"@type":"EntryPoint","urlTemplate":"https:\/\/lesudacheval.fr\/en\/?s={search_term_string}"},"query-input":"required name=search_term_string"}],"inLanguage":"en-GB"},{"@type":"WebPage","@id":"https:\/\/lesudacheval.fr\/en\/horse-riding-luberon-colorado\/#webpage","url":"https:\/\/lesudacheval.fr\/en\/horse-riding-luberon-colorado\/","name":"Horseback riding Lauris Luberon - Le Sud \u00e0 Cheval","isPartOf":{"@id":"https:\/\/lesudacheval.fr\/en\/#website"},"datePublished":"2021-05-12T17:48:39+00:00","dateModified":"2022-07-12T16:33:28+00:00","description":"Le Sud \u00e0 cheval, equestrian center in Lauris | Horse riding Luberon - horse riding Lauris | Didier M\u00e9jard horse riding guide Provence | Horseback riding by the hour or day","breadcrumb":{"@id":"https:\/\/lesudacheval.fr\/en\/horse-riding-luberon-colorado\/#breadcrumb"},"inLanguage":"en-GB","potentialAction":[{"@type":"ReadAction","target":["https:\/\/lesudacheval.fr\/en\/horse-riding-luberon-colorado\/"]}]},{"@type":"BreadcrumbList","@id":"https:\/\/lesudacheval.fr\/en\/horse-riding-luberon-colorado\/#breadcrumb","itemListElement":[{"@type":"ListItem","position":1,"name":"Accueil","item":"https:\/\/lesudacheval.fr\/en\/"},{"@type":"ListItem","position":2,"name":"Horseback riding"}]}]}},"_links":{"self":[{"href":"https:\/\/lesudacheval.fr\/en\/wp-json\/wp\/v2\/pages\/2000","targetHints":{"allow":["GET"]}}],"collection":[{"href":"https:\/\/lesudacheval.fr\/en\/wp-json\/wp\/v2\/pages"}],"about":[{"href":"https:\/\/lesudacheval.fr\/en\/wp-json\/wp\/v2\/types\/page"}],"author":[{"embeddable":true,"href":"https:\/\/lesudacheval.fr\/en\/wp-json\/wp\/v2\/users\/1"}],"replies":[{"embeddable":true,"href":"https:\/\/lesudacheval.fr\/en\/wp-json\/wp\/v2\/comments?post=2000"}],"version-history":[{"count":5,"href":"https:\/\/lesudacheval.fr\/en\/wp-json\/wp\/v2\/pages\/2000\/revisions"}],"predecessor-version":[{"id":2005,"href":"https:\/\/lesudacheval.fr\/en\/wp-json\/wp\/v2\/pages\/2000\/revisions\/2005"}],"wp:attachment":[{"href":"https:\/\/lesudacheval.fr\/en\/wp-json\/wp\/v2\/media?parent=2000"}],"curies":[{"name":"wp","href":"https:\/\/api.w.org\/{rel}","templated":true}]}}